{"id":6100,"date":"2017-01-17T07:51:14","date_gmt":"2017-01-17T07:51:14","guid":{"rendered":"https:\/\/www.colortechnik.swiss\/?page_id=6100&#038;lang=fr"},"modified":"2024-10-10T08:59:53","modified_gmt":"2024-10-10T08:59:53","slug":"service","status":"publish","type":"page","link":"https:\/\/www.colortechnik.swiss\/fr\/service\/","title":{"rendered":"Service"},"content":{"rendered":"<div class=\"wpb-content-wrapper\">[mk_page_section bg_image=\u00a0\u00bbhttps:\/\/www.colortechnik.swiss\/wp-content\/uploads\/2016\/02\/service.jpg\u00a0\u00bb bg_position=\u00a0\u00bbcenter center\u00a0\u00bb bg_repeat=\u00a0\u00bbno-repeat\u00a0\u00bb bg_stretch=\u00a0\u00bbtrue\u00a0\u00bb bg_gradient=\u00a0\u00bbvertical\u00a0\u00bb video_color_mask=\u00a0\u00bb#5d5e70&Prime; gr_end=\u00a0\u00bb#d2003a\u00a0\u00bb video_opacity=\u00a0\u00bb0.5&Prime; min_height=\u00a0\u00bb500&Prime; js_vertical_centered=\u00a0\u00bbtrue\u00a0\u00bb sidebar=\u00a0\u00bbsidebar-1&Prime;][vc_column][mk_fancy_title color=\u00a0\u00bb#ffffff\u00a0\u00bb size=\u00a0\u00bb60&Prime; font_weight=\u00a0\u00bb400&Prime; txt_transform=\u00a0\u00bbuppercase\u00a0\u00bb letter_spacing=\u00a0\u00bb2&Prime; margin_bottom=\u00a0\u00bb0&Prime; font_family=\u00a0\u00bbnone\u00a0\u00bb align=\u00a0\u00bbcenter\u00a0\u00bb]Service[\/mk_fancy_title][mk_fancy_title color=\u00a0\u00bb#ffffff\u00a0\u00bb size=\u00a0\u00bb18&Prime; font_weight=\u00a0\u00bb300&Prime; txt_transform=\u00a0\u00bbcapitalize\u00a0\u00bb letter_spacing=\u00a0\u00bb10&Prime; font_family=\u00a0\u00bbnone\u00a0\u00bb align=\u00a0\u00bbcenter\u00a0\u00bb]Colorizing Your Ideas[\/mk_fancy_title][\/vc_column][\/mk_page_section][mk_page_section attachment=\u00a0\u00bbfixed\u00a0\u00bb bg_position=\u00a0\u00bbcenter center\u00a0\u00bb bg_repeat=\u00a0\u00bbrepeat-x\u00a0\u00bb enable_3d=\u00a0\u00bbtrue\u00a0\u00bb speed_factor=\u00a0\u00bb0.4&Prime; video_opacity=\u00a0\u00bb1&Prime; min_height=\u00a0\u00bb669&Prime; padding_top=\u00a0\u00bb86&Prime; padding_bottom=\u00a0\u00bb60&Prime; top_shape_style=\u00a0\u00bbfolded-top\u00a0\u00bb top_shape_color=\u00a0\u00bb#ffffff\u00a0\u00bb bottom_shape_color=\u00a0\u00bb#ffffff\u00a0\u00bb section_id=\u00a0\u00bbguide\u00a0\u00bb sidebar=\u00a0\u00bbsidebar-1&Prime;][vc_column][vc_row_inner][vc_column_inner width=\u00a0\u00bb1\/4&Prime;][mk_button dimension=\u00a0\u00bboutline\u00a0\u00bb size=\u00a0\u00bbmedium\u00a0\u00bb icon=\u00a0\u00bbmk-moon-list\u00a0\u00bb url=\u00a0\u00bb#guide\u00a0\u00bb align=\u00a0\u00bbcenter\u00a0\u00bb fullwidth=\u00a0\u00bbtrue\u00a0\u00bb outline_skin=\u00a0\u00bbcustom\u00a0\u00bb outline_active_text_color=\u00a0\u00bb#fac719&Prime; outline_hover_bg_color=\u00a0\u00bb#fac719&Prime; outline_hover_color=\u00a0\u00bb#ffffff\u00a0\u00bb]Guide[\/mk_button][\/vc_column_inner][vc_column_inner width=\u00a0\u00bb1\/4&Prime;][mk_button dimension=\u00a0\u00bboutline\u00a0\u00bb size=\u00a0\u00bbmedium\u00a0\u00bb icon=\u00a0\u00bbmk-moon-palette\u00a0\u00bb url=\u00a0\u00bb#farbe\u00a0\u00bb align=\u00a0\u00bbcenter\u00a0\u00bb fullwidth=\u00a0\u00bbtrue\u00a0\u00bb outline_skin=\u00a0\u00bbcustom\u00a0\u00bb outline_active_text_color=\u00a0\u00bb#df1526&Prime; outline_hover_bg_color=\u00a0\u00bb#df1526&Prime; outline_hover_color=\u00a0\u00bb#ffffff\u00a0\u00bb]<strong>Ajustement<\/strong>\u00a0de Couleurs[\/mk_button][\/vc_column_inner][vc_column_inner width=\u00a0\u00bb1\/4&Prime;][mk_button dimension=\u00a0\u00bboutline\u00a0\u00bb size=\u00a0\u00bbmedium\u00a0\u00bb icon=\u00a0\u00bbmk-moon-certificate\u00a0\u00bb url=\u00a0\u00bb#cert\u00a0\u00bb align=\u00a0\u00bbcenter\u00a0\u00bb fullwidth=\u00a0\u00bbtrue\u00a0\u00bb outline_skin=\u00a0\u00bbcustom\u00a0\u00bb outline_active_text_color=\u00a0\u00bb#c2007b\u00a0\u00bb outline_hover_bg_color=\u00a0\u00bb#c2007b\u00a0\u00bb outline_hover_color=\u00a0\u00bb#ffffff\u00a0\u00bb]Nos certificats[\/mk_button][\/vc_column_inner][vc_column_inner width=\u00a0\u00bb1\/4&Prime;][mk_button dimension=\u00a0\u00bboutline\u00a0\u00bb size=\u00a0\u00bbmedium\u00a0\u00bb icon=\u00a0\u00bbmk-moon-shuffle\u00a0\u00bb url=\u00a0\u00bb#meng\u00a0\u00bb align=\u00a0\u00bbcenter\u00a0\u00bb fullwidth=\u00a0\u00bbtrue\u00a0\u00bb outline_skin=\u00a0\u00bbcustom\u00a0\u00bb outline_active_text_color=\u00a0\u00bb#6d177f\u00a0\u00bb outline_hover_bg_color=\u00a0\u00bb#6d177f\u00a0\u00bb outline_hover_color=\u00a0\u00bb#ffffff\u00a0\u00bb]M\u00e9lange\u00a0<strong>ma\u00eetre d\u00e8s 1 kg<\/strong>[\/mk_button][\/vc_column_inner][\/vc_row_inner][mk_padding_divider size=\u00a0\u00bb60&Prime;][mk_fancy_title color=\u00a0\u00bb#221c1e\u00a0\u00bb size=\u00a0\u00bb45&Prime; font_weight=\u00a0\u00bb300&Prime; letter_spacing=\u00a0\u00bb-2&Prime; margin_bottom=\u00a0\u00bb0&Prime; font_family=\u00a0\u00bbnone\u00a0\u00bb align=\u00a0\u00bbcenter\u00a0\u00bb animation=\u00a0\u00bbbottom-to-top\u00a0\u00bb]Guide[\/mk_fancy_title][mk_image src=\u00a0\u00bbhttps:\/\/www.colortechnik.swiss\/wp-content\/uploads\/2017\/02\/line.png\u00a0\u00bb align=\u00a0\u00bbcenter\u00a0\u00bb margin_bottom=\u00a0\u00bb17&Prime; animation=\u00a0\u00bbbottom-to-top\u00a0\u00bb crop=\u00a0\u00bbfalse\u00a0\u00bb][mk_fancy_title color=\u00a0\u00bb#221c1e\u00a0\u00bb size=\u00a0\u00bb45&Prime; font_weight=\u00a0\u00bb300&Prime; letter_spacing=\u00a0\u00bb-2&Prime; margin_bottom=\u00a0\u00bb0&Prime; font_family=\u00a0\u00bbnone\u00a0\u00bb align=\u00a0\u00bbcenter\u00a0\u00bb animation=\u00a0\u00bbbottom-to-top\u00a0\u00bb el_class=\u00a0\u00bbocult\u00a0\u00bb]Pourquoi devrions-nous \u00eatre <strong>votre partenaire<\/strong> ?[\/mk_fancy_title][\/vc_column][vc_column width=\u00a0\u00bb1\/3&Prime;][mk_padding_divider size=\u00a0\u00bb80&Prime;][vc_row_inner][vc_column_inner width=\u00a0\u00bb8\/12&Prime; css=\u00a0\u00bb.vc_custom_1446108144298{padding-right: 10px !important;}\u00a0\u00bb][mk_fancy_title color=\u00a0\u00bb#221c1e\u00a0\u00bb size=\u00a0\u00bb24&Prime; txt_transform=\u00a0\u00bbcapitalize\u00a0\u00bb margin_top=\u00a0\u00bb10&Prime; margin_bottom=\u00a0\u00bb0&Prime; font_family=\u00a0\u00bbnone\u00a0\u00bb align=\u00a0\u00bbright\u00a0\u00bb animation=\u00a0\u00bbbottom-to-top\u00a0\u00bb el_class=\u00a0\u00bbyellow\u00a0\u00bb]Servie<strong>\u00a0Fiable<\/strong>[\/mk_fancy_title][\/vc_column_inner][vc_column_inner width=\u00a0\u00bb4\/12&Prime;][vc_single_image image=\u00a0\u00bb7795&Prime; css=\u00a0\u00bb\u00a0\u00bb el_class=\u00a0\u00bbleitfaden-icon leitfaden-icon&#8211;yellow\u00a0\u00bb][\/vc_column_inner][\/vc_row_inner][mk_padding_divider size=\u00a0\u00bb30&Prime;][vc_row_inner][vc_column_inner width=\u00a0\u00bb8\/12&Prime; css=\u00a0\u00bb.vc_custom_1446107600083{padding-right: 10px !important;}\u00a0\u00bb][mk_fancy_title color=\u00a0\u00bb#221c1e\u00a0\u00bb size=\u00a0\u00bb24&Prime; txt_transform=\u00a0\u00bbcapitalize\u00a0\u00bb margin_top=\u00a0\u00bb10&Prime; margin_bottom=\u00a0\u00bb0&Prime; font_family=\u00a0\u00bbnone\u00a0\u00bb align=\u00a0\u00bbright\u00a0\u00bb animation=\u00a0\u00bbbottom-to-top\u00a0\u00bb]Livraison\u00a0<strong>Rapide<\/strong>[\/mk_fancy_title][\/vc_column_inner][vc_column_inner width=\u00a0\u00bb4\/12&Prime;][vc_single_image image=\u00a0\u00bb7803&Prime; css=\u00a0\u00bb\u00a0\u00bb el_class=\u00a0\u00bbleitfaden-icon leitfaden-icon&#8211;lightorange\u00a0\u00bb][\/vc_column_inner][\/vc_row_inner][mk_padding_divider size=\u00a0\u00bb30&Prime;][vc_row_inner][vc_column_inner width=\u00a0\u00bb8\/12&Prime; css=\u00a0\u00bb.vc_custom_1446107600083{padding-right: 10px !important;}\u00a0\u00bb][mk_fancy_title color=\u00a0\u00bb#221c1e\u00a0\u00bb size=\u00a0\u00bb24&Prime; txt_transform=\u00a0\u00bbcapitalize\u00a0\u00bb margin_top=\u00a0\u00bb10&Prime; margin_bottom=\u00a0\u00bb0&Prime; font_family=\u00a0\u00bbnone\u00a0\u00bb align=\u00a0\u00bbright\u00a0\u00bb animation=\u00a0\u00bbbottom-to-top\u00a0\u00bb el_class=\u00a0\u00bbtitle-qualitative-rohstoffe\u00a0\u00bb]Mati\u00e8res premi\u00e8res <strong>de qualit\u00e9<\/strong>[\/mk_fancy_title][\/vc_column_inner][vc_column_inner width=\u00a0\u00bb4\/12&Prime;][vc_single_image image=\u00a0\u00bb7800&Prime; css=\u00a0\u00bb\u00a0\u00bb el_class=\u00a0\u00bbleitfaden-icon leitfaden-icon&#8211;orange\u00a0\u00bb][\/vc_column_inner][\/vc_row_inner][\/vc_column][vc_column width=\u00a0\u00bb1\/3&Prime;][mk_padding_divider size=\u00a0\u00bb100&Prime;][mk_image src=\u00a0\u00bbhttps:\/\/www.colortechnik.swiss\/wp-content\/uploads\/2024\/10\/grafik-colortechnik-leitfaden.png\u00a0\u00bb image_height=\u00a0\u00bb800&Prime; align=\u00a0\u00bbcenter\u00a0\u00bb margin_bottom=\u00a0\u00bb0&Prime; animation=\u00a0\u00bbbottom-to-top\u00a0\u00bb crop=\u00a0\u00bbfalse\u00a0\u00bb][\/vc_column][vc_column width=\u00a0\u00bb1\/3&Prime; el_class=\u00a0\u00bbleitfaden-right-col\u00a0\u00bb][mk_padding_divider size=\u00a0\u00bb80&Prime;][vc_row_inner][vc_column_inner width=\u00a0\u00bb4\/12&Prime;][vc_single_image image=\u00a0\u00bb7809&Prime; css=\u00a0\u00bb\u00a0\u00bb el_class=\u00a0\u00bbleitfaden-icon leitfaden-icon&#8211;suisse\u00a0\u00bb][\/vc_column_inner][vc_column_inner width=\u00a0\u00bb8\/12&Prime; css=\u00a0\u00bb.vc_custom_1446107327662{padding-right: 0px !important;padding-left: 0px !important;}\u00a0\u00bb][mk_fancy_title color=\u00a0\u00bb#221c1e\u00a0\u00bb size=\u00a0\u00bb24&Prime; margin_top=\u00a0\u00bb10&Prime; margin_bottom=\u00a0\u00bb0&Prime; font_family=\u00a0\u00bbnone\u00a0\u00bb animation=\u00a0\u00bbbottom-to-top\u00a0\u00bb]Fabriqu\u00e9 en\u00a0<strong>Suisse<\/strong>[\/mk_fancy_title][\/vc_column_inner][\/vc_row_inner][mk_padding_divider size=\u00a0\u00bb30&Prime;][vc_row_inner][vc_column_inner width=\u00a0\u00bb4\/12&Prime;][vc_single_image image=\u00a0\u00bb7813&Prime; css=\u00a0\u00bb\u00a0\u00bb el_class=\u00a0\u00bbleitfaden-icon leitfaden-icon&#8211;pink\u00a0\u00bb][\/vc_column_inner][vc_column_inner width=\u00a0\u00bb8\/12&Prime; css=\u00a0\u00bb.vc_custom_1446107327662{padding-right: 0px !important;padding-left: 0px !important;}\u00a0\u00bb][mk_fancy_title color=\u00a0\u00bb#221c1e\u00a0\u00bb size=\u00a0\u00bb24&Prime; margin_top=\u00a0\u00bb10&Prime; margin_bottom=\u00a0\u00bb0&Prime; font_family=\u00a0\u00bbnone\u00a0\u00bb animation=\u00a0\u00bbbottom-to-top\u00a0\u00bb]Personnel\u00a0<strong>Qualifi\u00e9 Form\u00e9<\/strong>[\/mk_fancy_title][\/vc_column_inner][\/vc_row_inner][mk_padding_divider size=\u00a0\u00bb30&Prime;][vc_row_inner][vc_column_inner width=\u00a0\u00bb4\/12&Prime;][vc_single_image image=\u00a0\u00bb7817&Prime; css=\u00a0\u00bb\u00a0\u00bb el_class=\u00a0\u00bbleitfaden-icon leitfaden-icon&#8211;violette\u00a0\u00bb][\/vc_column_inner][vc_column_inner width=\u00a0\u00bb8\/12&Prime;][mk_fancy_title color=\u00a0\u00bb#221c1e\u00a0\u00bb size=\u00a0\u00bb24&Prime; margin_top=\u00a0\u00bb10&Prime; margin_bottom=\u00a0\u00bb0&Prime; font_family=\u00a0\u00bbnone\u00a0\u00bb animation=\u00a0\u00bbbottom-to-top\u00a0\u00bb]Service<strong>\u00a0Client Direct<\/strong>[\/mk_fancy_title][\/vc_column_inner][\/vc_row_inner][\/vc_column][\/mk_page_section][vc_row id=\u00a0\u00bbfarbe\u00a0\u00bb][vc_column][mk_fancy_title color=\u00a0\u00bb#221c1e\u00a0\u00bb size=\u00a0\u00bb45&Prime; font_weight=\u00a0\u00bb300&Prime; letter_spacing=\u00a0\u00bb-2&Prime; margin_bottom=\u00a0\u00bb0&Prime; font_family=\u00a0\u00bbnone\u00a0\u00bb align=\u00a0\u00bbcenter\u00a0\u00bb animation=\u00a0\u00bbbottom-to-top\u00a0\u00bb]<strong>Ajustement<\/strong>\u00a0de Couleurs[\/mk_fancy_title][mk_image src=\u00a0\u00bbhttps:\/\/www.colortechnik.swiss\/wp-content\/uploads\/2017\/02\/line.png\u00a0\u00bb align=\u00a0\u00bbcenter\u00a0\u00bb margin_bottom=\u00a0\u00bb17&Prime; animation=\u00a0\u00bbbottom-to-top\u00a0\u00bb crop=\u00a0\u00bbfalse\u00a0\u00bb][vc_row_inner][vc_column_inner width=\u00a0\u00bb1\/2&Prime;][vc_wp_text]Les couleurs pour le m\u00e9lange ma\u00eetre et les compos\u00e9s peuvent \u00eatre ajust\u00e9es conform\u00e9ment aux \u00e9chantillons des clients les plus vari\u00e9s, aux couleurs RAL, NCS, HKS ou Pantone.<\/p>\n<p>Notre \u00e9ventail de produits comprend donc:[\/vc_wp_text][\/vc_column_inner][vc_column_inner width=\u00a0\u00bb1\/2&Prime;][mk_custom_list]\n<ul>\n<li>Peintures couvrantes<\/li>\n<li>Peintures transparentes \/ translucides<\/li>\n<li>Peintures fluorescentes, phosphorescentes et luminescentes<\/li>\n<li>Ajustements de couleurs qui diffusent la lumi\u00e8re \/ translucides<\/li>\n<li>M\u00e9langes ma\u00eetres combin\u00e9s avec, p. ex., protection anti-UV, additifs laser, agents antistatiques et\/ou lubrifiants<\/li>\n<li>Peintures \u00e0 effet comme, p. ex., avec de l\u2019or, du cuivre et des paillettes<\/li>\n<li>Peintures avec des effets brillants nacr\u00e9s<\/li>\n<\/ul>\n[\/mk_custom_list][\/vc_column_inner][\/vc_row_inner][\/vc_column][\/vc_row][vc_row fullwidth=\u00a0\u00bbtrue\u00a0\u00bb fullwidth_content=\u00a0\u00bbfalse\u00a0\u00bb css=\u00a0\u00bb.vc_custom_1455746426684{background-color: #ef154f !important;}\u00a0\u00bb id=\u00a0\u00bbcert\u00a0\u00bb][vc_column][mk_padding_divider size=\u00a0\u00bb30&Prime;][mk_fancy_title color=\u00a0\u00bb#ffffff\u00a0\u00bb size=\u00a0\u00bb45&Prime; font_weight=\u00a0\u00bb300&Prime; letter_spacing=\u00a0\u00bb-2&Prime; margin_bottom=\u00a0\u00bb0&Prime; font_family=\u00a0\u00bbnone\u00a0\u00bb align=\u00a0\u00bbcenter\u00a0\u00bb animation=\u00a0\u00bbbottom-to-top\u00a0\u00bb]Nos\u00a0<strong>Certificats<\/strong>[\/mk_fancy_title][mk_image src=\u00a0\u00bbhttps:\/\/www.colortechnik.swiss\/wp-content\/uploads\/2017\/02\/line_2.png\u00a0\u00bb align=\u00a0\u00bbcenter\u00a0\u00bb margin_bottom=\u00a0\u00bb17&Prime; animation=\u00a0\u00bbbottom-to-top\u00a0\u00bb crop=\u00a0\u00bbfalse\u00a0\u00bb][\/vc_column][vc_column width=\u00a0\u00bb1\/3&Prime;][mk_button dimension=\u00a0\u00bboutline\u00a0\u00bb size=\u00a0\u00bblarge\u00a0\u00bb url=\u00a0\u00bbhttps:\/\/www.colortechnik.swiss\/wp-content\/uploads\/2016\/02\/SVHC_Vorlage-neu-ab-13.12.2015.pdf\u00a0\u00bb target=\u00a0\u00bb_blank\u00a0\u00bb align=\u00a0\u00bbcenter\u00a0\u00bb margin_top=\u00a0\u00bb44&Prime; margin_bottom=\u00a0\u00bb40&Prime; margin_right=\u00a0\u00bb0&Prime; outline_skin=\u00a0\u00bbcustom\u00a0\u00bb outline_active_color=\u00a0\u00bb#ffffff\u00a0\u00bb outline_active_text_color=\u00a0\u00bb#ffffff\u00a0\u00bb outline_hover_color=\u00a0\u00bb#ff213f\u00a0\u00bb]REACH[\/mk_button][mk_padding_divider size=\u00a0\u00bb30&Prime;][\/vc_column][vc_column width=\u00a0\u00bb1\/3&Prime;][mk_button dimension=\u00a0\u00bboutline\u00a0\u00bb size=\u00a0\u00bblarge\u00a0\u00bb url=\u00a0\u00bbhttps:\/\/www.colortechnik.swiss\/wp-content\/uploads\/2023\/09\/zertifikat-iso-9001-color-technik-ag_signed.pdf\u00a0\u00bb target=\u00a0\u00bb_blank\u00a0\u00bb align=\u00a0\u00bbcenter\u00a0\u00bb margin_top=\u00a0\u00bb44&Prime; margin_bottom=\u00a0\u00bb40&Prime; margin_right=\u00a0\u00bb0&Prime; outline_skin=\u00a0\u00bbcustom\u00a0\u00bb outline_active_color=\u00a0\u00bb#ffffff\u00a0\u00bb outline_active_text_color=\u00a0\u00bb#ffffff\u00a0\u00bb outline_hover_color=\u00a0\u00bb#ff213f\u00a0\u00bb]IS0 9001 DE\/EN[\/mk_button][mk_padding_divider size=\u00a0\u00bb30&Prime;][\/vc_column][vc_column width=\u00a0\u00bb1\/3&Prime;][mk_button dimension=\u00a0\u00bboutline\u00a0\u00bb size=\u00a0\u00bblarge\u00a0\u00bb url=\u00a0\u00bbhttps:\/\/www.colortechnik.swiss\/wp-content\/uploads\/2023\/09\/zertifikat-iso-13485-color-technik-ag_signed.pdf\u00a0\u00bb target=\u00a0\u00bb_blank\u00a0\u00bb align=\u00a0\u00bbcenter\u00a0\u00bb margin_top=\u00a0\u00bb44&Prime; margin_bottom=\u00a0\u00bb40&Prime; margin_right=\u00a0\u00bb0&Prime; outline_skin=\u00a0\u00bbcustom\u00a0\u00bb outline_active_color=\u00a0\u00bb#ffffff\u00a0\u00bb outline_active_text_color=\u00a0\u00bb#ffffff\u00a0\u00bb outline_hover_color=\u00a0\u00bb#ff213f\u00a0\u00bb]ISO 13485 DE\/EN[\/mk_button][mk_padding_divider size=\u00a0\u00bb30&Prime;][\/vc_column][\/vc_row][vc_row id=\u00a0\u00bbmeng\u00a0\u00bb][vc_column][mk_padding_divider size=\u00a0\u00bb60&Prime;][mk_fancy_title color=\u00a0\u00bb#221c1e\u00a0\u00bb size=\u00a0\u00bb45&Prime; font_weight=\u00a0\u00bb300&Prime; letter_spacing=\u00a0\u00bb-2&Prime; margin_bottom=\u00a0\u00bb0&Prime; font_family=\u00a0\u00bbnone\u00a0\u00bb align=\u00a0\u00bbcenter\u00a0\u00bb animation=\u00a0\u00bbbottom-to-top\u00a0\u00bb]M\u00e9lange\u00a0<strong>ma\u00eetre d\u00e8s 1 kg<\/strong>[\/mk_fancy_title][mk_image src=\u00a0\u00bbhttps:\/\/www.colortechnik.swiss\/wp-content\/uploads\/2017\/02\/line.png\u00a0\u00bb align=\u00a0\u00bbcenter\u00a0\u00bb margin_bottom=\u00a0\u00bb17&Prime; animation=\u00a0\u00bbbottom-to-top\u00a0\u00bb crop=\u00a0\u00bbfalse\u00a0\u00bb][vc_row_inner][vc_column_inner width=\u00a0\u00bb1\/2&Prime;][mk_padding_divider size=\u00a0\u00bb100&Prime;][vc_wp_text]Nous fabriquons volontiers pour vous et sans suppl\u00e9ment nos m\u00e9langes ma\u00eetres sp\u00e9cifiques \u00e0 un polym\u00e8re \u00e0 partir d\u2019une quantit\u00e9\u00a0<strong>\u00e9gale \u00e0 1 kg.<\/strong>\u00a0Chacun de nos m\u00e9langes ma\u00eetres est fabriqu\u00e9 le plus rapidement possible selon vos souhaits relatifs \u00e0 la couleur et au polym\u00e8re.<\/p>\n<p>Nous vous fournissons le compos\u00e9 \u00e0 travailler que vous souhaitez sans suppl\u00e9ment \u00e0 partir d\u2019une quantit\u00e9\u00a0<strong>\u00e9gale \u00e0 10 kg.<\/strong><\/p>\n<p>Nous colorons pour vous \u00e0 haute temp\u00e9rature des plastiques comme le PEEK, le LCP, etc. \u00e0 partir d\u2019une quantit\u00e9<strong>\u00a0\u00e9gale \u00e0 10 kg\u00a0<\/strong>gr\u00e2ce \u00e0 notre syst\u00e8me con\u00e7u \u00e0 cet effet.[\/vc_wp_text][\/vc_column_inner][vc_column_inner width=\u00a0\u00bb1\/2&Prime;][mk_image src=\u00a0\u00bbhttps:\/\/www.colortechnik.swiss\/wp-content\/uploads\/2016\/02\/batch-1.png\u00a0\u00bb image_size=\u00a0\u00bbfull\u00a0\u00bb align=\u00a0\u00bbcenter\u00a0\u00bb][\/vc_column_inner][\/vc_row_inner][\/vc_column][\/vc_row]\n<\/div>","protected":false},"excerpt":{"rendered":"<p>[mk_page_section bg_image=\u00a0\u00bbhttps:\/\/www.colortechnik.swiss\/wp-content\/uploads\/2016\/02\/service.jpg\u00a0\u00bb bg_position=\u00a0\u00bbcenter center\u00a0\u00bb bg_repeat=\u00a0\u00bbno-repeat\u00a0\u00bb bg_stretch=\u00a0\u00bbtrue\u00a0\u00bb bg_gradient=\u00a0\u00bbvertical\u00a0\u00bb video_color_mask=\u00a0\u00bb#5d5e70&Prime; gr_end=\u00a0\u00bb#d2003a\u00a0\u00bb video_opacity=\u00a0\u00bb0.5&Prime; min_height=\u00a0\u00bb500&Prime; js_vertical_centered=\u00a0\u00bbtrue\u00a0\u00bb sidebar=\u00a0\u00bbsidebar-1&Prime;][vc_column][mk_fancy_title color=\u00a0\u00bb#ffffff\u00a0\u00bb size=\u00a0\u00bb60&Prime; font_weight=\u00a0\u00bb400&Prime; txt_transform=\u00a0\u00bbuppercase\u00a0\u00bb letter_spacing=\u00a0\u00bb2&Prime; margin_bottom=\u00a0\u00bb0&Prime; font_family=\u00a0\u00bbnone\u00a0\u00bb align=\u00a0\u00bbcenter\u00a0\u00bb]Service[\/mk_fancy_title][mk_fancy_title color=\u00a0\u00bb#ffffff\u00a0\u00bb size=\u00a0\u00bb18&Prime; font_weight=\u00a0\u00bb300&Prime; txt_transform=\u00a0\u00bbcapitalize\u00a0\u00bb letter_spacing=\u00a0\u00bb10&Prime; font_family=\u00a0\u00bbnone\u00a0\u00bb align=\u00a0\u00bbcenter\u00a0\u00bb]Colorizing Your Ideas[\/mk_fancy_title][\/vc_column][\/mk_page_section][mk_page_section attachment=\u00a0\u00bbfixed\u00a0\u00bb bg_position=\u00a0\u00bbcenter center\u00a0\u00bb bg_repeat=\u00a0\u00bbrepeat-x\u00a0\u00bb enable_3d=\u00a0\u00bbtrue\u00a0\u00bb speed_factor=\u00a0\u00bb0.4&Prime; video_opacity=\u00a0\u00bb1&Prime; min_height=\u00a0\u00bb669&Prime; padding_top=\u00a0\u00bb86&Prime; padding_bottom=\u00a0\u00bb60&Prime; top_shape_style=\u00a0\u00bbfolded-top\u00a0\u00bb top_shape_color=\u00a0\u00bb#ffffff\u00a0\u00bb bottom_shape_color=\u00a0\u00bb#ffffff\u00a0\u00bb section_id=\u00a0\u00bbguide\u00a0\u00bb sidebar=\u00a0\u00bbsidebar-1&Prime;][vc_column][vc_row_inner][vc_column_inner width=\u00a0\u00bb1\/4&Prime;][mk_button dimension=\u00a0\u00bboutline\u00a0\u00bb size=\u00a0\u00bbmedium\u00a0\u00bb icon=\u00a0\u00bbmk-moon-list\u00a0\u00bb url=\u00a0\u00bb#guide\u00a0\u00bb align=\u00a0\u00bbcenter\u00a0\u00bb fullwidth=\u00a0\u00bbtrue\u00a0\u00bb outline_skin=\u00a0\u00bbcustom\u00a0\u00bb outline_active_text_color=\u00a0\u00bb#fac719&Prime; outline_hover_bg_color=\u00a0\u00bb#fac719&Prime; [&hellip;]<\/p>\n","protected":false},"author":20,"featured_media":0,"parent":0,"menu_order":0,"comment_status":"closed","ping_status":"closed","template":"","meta":{"footnotes":""},"class_list":["post-6100","page","type-page","status-publish","hentry"],"_links":{"self":[{"href":"https:\/\/www.colortechnik.swiss\/fr\/wp-json\/wp\/v2\/pages\/6100","targetHints":{"allow":["GET"]}}],"collection":[{"href":"https:\/\/www.colortechnik.swiss\/fr\/wp-json\/wp\/v2\/pages"}],"about":[{"href":"https:\/\/www.colortechnik.swiss\/fr\/wp-json\/wp\/v2\/types\/page"}],"author":[{"embeddable":true,"href":"https:\/\/www.colortechnik.swiss\/fr\/wp-json\/wp\/v2\/users\/20"}],"replies":[{"embeddable":true,"href":"https:\/\/www.colortechnik.swiss\/fr\/wp-json\/wp\/v2\/comments?post=6100"}],"version-history":[{"count":19,"href":"https:\/\/www.colortechnik.swiss\/fr\/wp-json\/wp\/v2\/pages\/6100\/revisions"}],"predecessor-version":[{"id":7857,"href":"https:\/\/www.colortechnik.swiss\/fr\/wp-json\/wp\/v2\/pages\/6100\/revisions\/7857"}],"wp:attachment":[{"href":"https:\/\/www.colortechnik.swiss\/fr\/wp-json\/wp\/v2\/media?parent=6100"}],"curies":[{"name":"wp","href":"https:\/\/api.w.org\/{rel}","templated":true}]}}