{"id":6094,"date":"2017-01-17T07:38:15","date_gmt":"2017-01-17T07:38:15","guid":{"rendered":"https:\/\/www.colortechnik.swiss\/?page_id=6094&#038;lang=fr"},"modified":"2023-08-11T15:14:39","modified_gmt":"2023-08-11T15:14:39","slug":"contactez-nous","status":"publish","type":"page","link":"https:\/\/www.colortechnik.swiss\/fr\/contactez-nous\/","title":{"rendered":"Contactez-nous"},"content":{"rendered":"<div class=\"wpb-content-wrapper\">[mk_page_section bg_image=\u00a0\u00bbhttps:\/\/www.colortechnik.swiss\/wp-content\/uploads\/2015\/12\/kontakt-1.jpg\u00a0\u00bb bg_position=\u00a0\u00bbcenter top\u00a0\u00bb bg_repeat=\u00a0\u00bbno-repeat\u00a0\u00bb bg_stretch=\u00a0\u00bbtrue\u00a0\u00bb video_loop=\u00a0\u00bbfalse\u00a0\u00bb bg_gradient=\u00a0\u00bbvertical\u00a0\u00bb video_color_mask=\u00a0\u00bb#5d5e70&Prime; gr_end=\u00a0\u00bb#d2003a\u00a0\u00bb video_opacity=\u00a0\u00bb0.5&Prime; min_height=\u00a0\u00bb500&Prime; js_vertical_centered=\u00a0\u00bbtrue\u00a0\u00bb sidebar=\u00a0\u00bbsidebar-1&Prime;][vc_column][mk_fancy_title color=\u00a0\u00bb#ffffff\u00a0\u00bb size=\u00a0\u00bb60&Prime; font_weight=\u00a0\u00bb400&Prime; txt_transform=\u00a0\u00bbuppercase\u00a0\u00bb letter_spacing=\u00a0\u00bb2&Prime; margin_bottom=\u00a0\u00bb0&Prime; font_family=\u00a0\u00bbnone\u00a0\u00bb align=\u00a0\u00bbcenter\u00a0\u00bb]Contactez-nous[\/mk_fancy_title][mk_fancy_title color=\u00a0\u00bb#ffffff\u00a0\u00bb size=\u00a0\u00bb18&Prime; font_weight=\u00a0\u00bb300&Prime; txt_transform=\u00a0\u00bbcapitalize\u00a0\u00bb letter_spacing=\u00a0\u00bb10&Prime; font_family=\u00a0\u00bbnone\u00a0\u00bb align=\u00a0\u00bbcenter\u00a0\u00bb]Inspire The Colors[\/mk_fancy_title][\/vc_column][\/mk_page_section][vc_row fullwidth=\u00a0\u00bbtrue\u00a0\u00bb fullwidth_content=\u00a0\u00bbfalse\u00a0\u00bb][vc_column][mk_padding_divider size=\u00a0\u00bb50&Prime;][vc_row_inner][vc_column_inner][mk_fancy_title color=\u00a0\u00bb#000000&Prime; size=\u00a0\u00bb60&Prime; force_font_size=\u00a0\u00bbtrue\u00a0\u00bb size_phone=\u00a0\u00bb40&Prime; txt_transform=\u00a0\u00bbcapitalize\u00a0\u00bb font_family=\u00a0\u00bbnone\u00a0\u00bb align=\u00a0\u00bbcenter\u00a0\u00bb]Envoyez-nous un\u00a0<b>e-mail<\/b>[\/mk_fancy_title][vc_column_text]\n<div class=\"wpcf7 no-js\" id=\"wpcf7-f6158-o1\" lang=\"de-DE\" dir=\"ltr\" data-wpcf7-id=\"6158\">\n<div class=\"screen-reader-response\"><p role=\"status\" aria-live=\"polite\" aria-atomic=\"true\"><\/p> <ul><\/ul><\/div>\n<form action=\"\/fr\/wp-json\/wp\/v2\/pages\/6094#wpcf7-f6158-o1\" method=\"post\" class=\"wpcf7-form init\" aria-label=\"Kontaktformular\" novalidate=\"novalidate\" data-status=\"init\">\n<fieldset class=\"hidden-fields-container\"><input type=\"hidden\" name=\"_wpcf7\" value=\"6158\" \/><input type=\"hidden\" name=\"_wpcf7_version\" value=\"6.1.5\" \/><input type=\"hidden\" name=\"_wpcf7_locale\" value=\"de_DE\" \/><input type=\"hidden\" name=\"_wpcf7_unit_tag\" value=\"wpcf7-f6158-o1\" \/><input type=\"hidden\" name=\"_wpcf7_container_post\" value=\"0\" \/><input type=\"hidden\" name=\"_wpcf7_posted_data_hash\" value=\"\" \/><input type=\"hidden\" name=\"_wpcf7_recaptcha_response\" value=\"\" \/>\n<\/fieldset>\n<div id=\"responsive-form\" class=\"clearfix\">\n\n<div class=\"form-row\">\n<div class=\"column-half\"><span class=\"wpcf7-form-control-wrap\" data-name=\"your-name\"><input size=\"40\" maxlength=\"400\" class=\"wpcf7-form-control wpcf7-text wpcf7-validates-as-required\" aria-required=\"true\" aria-invalid=\"false\" placeholder=\"Nom\" value=\"\" type=\"text\" name=\"your-name\" \/><\/span><\/div>\n<div class=\"column-half\"><span class=\"wpcf7-form-control-wrap\" data-name=\"your-email\"><input size=\"40\" maxlength=\"400\" class=\"wpcf7-form-control wpcf7-email wpcf7-validates-as-required wpcf7-text wpcf7-validates-as-email\" aria-required=\"true\" aria-invalid=\"false\" placeholder=\"E-Mail\" value=\"\" type=\"email\" name=\"your-email\" \/><\/span><\/div>\n<\/div>\n\n<div class=\"form-row\">\n<div class=\"column-half\"><span class=\"wpcf7-form-control-wrap\" data-name=\"your-website\"><input size=\"40\" maxlength=\"400\" class=\"wpcf7-form-control wpcf7-text\" aria-invalid=\"false\" placeholder=\"Site Web\" value=\"\" type=\"text\" name=\"your-website\" \/><\/span><\/div>\n<div class=\"column-half\"><span class=\"wpcf7-form-control-wrap\" data-name=\"your-phone\"><input size=\"40\" maxlength=\"400\" class=\"wpcf7-form-control wpcf7-text wpcf7-validates-as-required\" aria-required=\"true\" aria-invalid=\"false\" placeholder=\"T\u00e9l\u00e9phone\" value=\"\" type=\"text\" name=\"your-phone\" \/><\/span><\/div>\n<\/div>\n\n<div class=\"form-row\">\n<div class=\"column-full\"> <span class=\"wpcf7-form-control-wrap\" data-name=\"your-subject\"><input size=\"40\" maxlength=\"400\" class=\"wpcf7-form-control wpcf7-text\" aria-invalid=\"false\" placeholder=\"Sujet\" value=\"\" type=\"text\" name=\"your-subject\" \/><\/span><\/div>\n<\/div>\n\n<div class=\"form-row\">\n<div class=\"column-full\"><span class=\"wpcf7-form-control-wrap\" data-name=\"your-message\"><textarea cols=\"40\" rows=\"10\" maxlength=\"2000\" class=\"wpcf7-form-control wpcf7-textarea\" aria-invalid=\"false\" placeholder=\"Message\" name=\"your-message\"><\/textarea><\/span><\/div>\n<\/div>\n\n<div class=\"form-row\">\n<div class=\"column-full\"><span class=\"wpcf7-form-control-wrap\" data-name=\"your-consent\"><span class=\"wpcf7-form-control wpcf7-acceptance\"><span class=\"wpcf7-list-item\"><label><input type=\"checkbox\" name=\"your-consent\" value=\"1\" aria-invalid=\"false\" \/><span class=\"wpcf7-list-item-label\">Par la pr\u00e9sente, je confirme avoir pris connaissance de la d\u00e9claration de <a href=\"https:\/\/www.colortechnik.swiss\/fr\/protection-des-donnees\/\">protection des donn\u00e9es<\/a>. J'accepte que mes informations et donn\u00e9es soient collect\u00e9es et stock\u00e9es \u00e9lectroniquement pour r\u00e9pondre \u00e0 ma demande.<\/span><\/label><\/span><\/span><\/span><\/div>\n<\/div>\n\n<div class=\"form-row\">\n<div class=\"column-full\"><input class=\"wpcf7-form-control wpcf7-submit has-spinner\" type=\"submit\" value=\"Envoyer\" \/><\/div>\n<\/div>\n\n\n<\/div><div class=\"wpcf7-response-output\" aria-hidden=\"true\"><\/div>\n<\/form>\n<\/div>\n[\/vc_column_text][\/vc_column_inner][\/vc_row_inner][mk_padding_divider size=\u00a0\u00bb50&Prime;][vc_row_inner][vc_column_inner width=\u00a0\u00bb1\/4&Prime;][mk_icon_box2 icon_size=\u00a0\u00bb48&Prime; icon=\u00a0\u00bbmk-li-mail\u00a0\u00bb icon_color=\u00a0\u00bb#ff213f\u00a0\u00bb icon_hover_color=\u00a0\u00bb#eeeeee\u00a0\u00bb title=\u00a0\u00bbEmail\u00a0\u00bb title_size=\u00a0\u00bb24&Prime; title_weight=\u00a0\u00bbbold\u00a0\u00bb title_color=\u00a0\u00bb#000000&Prime; description_color=\u00a0\u00bb#494949&Prime;]info@colortechnik.swiss[\/mk_icon_box2][\/vc_column_inner][vc_column_inner width=\u00a0\u00bb1\/4&Prime;][mk_icon_box2 icon_size=\u00a0\u00bb48&Prime; icon=\u00a0\u00bbmk-li-inbox\u00a0\u00bb icon_color=\u00a0\u00bb#ff213f\u00a0\u00bb icon_hover_color=\u00a0\u00bb#eeeeee\u00a0\u00bb title=\u00a0\u00bbFax\u00a0\u00bb title_size=\u00a0\u00bb24&Prime; title_weight=\u00a0\u00bbbold\u00a0\u00bb title_color=\u00a0\u00bb#000000&Prime; description_color=\u00a0\u00bb#494949&Prime;]Fax. +41 (0)71 \/ 761 00 79[\/mk_icon_box2][\/vc_column_inner][vc_column_inner width=\u00a0\u00bb1\/4&Prime;][mk_icon_box2 icon_size=\u00a0\u00bb48&Prime; icon=\u00a0\u00bbmk-li-call\u00a0\u00bb icon_color=\u00a0\u00bb#ff213f\u00a0\u00bb icon_hover_color=\u00a0\u00bb#eeeeee\u00a0\u00bb title=\u00a0\u00bbT\u00e9l\u00e9phone\u00a0\u00bb title_size=\u00a0\u00bb24&Prime; title_weight=\u00a0\u00bbbold\u00a0\u00bb title_color=\u00a0\u00bb#000000&Prime; description_color=\u00a0\u00bb#494949&Prime;]Tel. +41 (0)71 \/ 761 00 78[\/mk_icon_box2][\/vc_column_inner][vc_column_inner width=\u00a0\u00bb1\/4&Prime;][mk_icon_box2 icon_size=\u00a0\u00bb48&Prime; icon=\u00a0\u00bbmk-li-pinmap\u00a0\u00bb icon_color=\u00a0\u00bb#ff213f\u00a0\u00bb icon_hover_color=\u00a0\u00bb#eeeeee\u00a0\u00bb title=\u00a0\u00bbAdresse\u00a0\u00bb title_size=\u00a0\u00bb24&Prime; title_weight=\u00a0\u00bbbold\u00a0\u00bb title_color=\u00a0\u00bb#000000&Prime; description_color=\u00a0\u00bb#494949&Prime; read_more_url=\u00a0\u00bbhttps:\/\/www.colortechnik.swiss\/anfahrt\/\u00a0\u00bb]Parkweg 5\u00a09443 Widnau[\/mk_icon_box2][\/vc_column_inner][\/vc_row_inner][\/vc_column][\/vc_row]\n<\/div>","protected":false},"excerpt":{"rendered":"<p>[mk_page_section bg_image=\u00a0\u00bbhttps:\/\/www.colortechnik.swiss\/wp-content\/uploads\/2015\/12\/kontakt-1.jpg\u00a0\u00bb bg_position=\u00a0\u00bbcenter top\u00a0\u00bb bg_repeat=\u00a0\u00bbno-repeat\u00a0\u00bb bg_stretch=\u00a0\u00bbtrue\u00a0\u00bb video_loop=\u00a0\u00bbfalse\u00a0\u00bb bg_gradient=\u00a0\u00bbvertical\u00a0\u00bb video_color_mask=\u00a0\u00bb#5d5e70&Prime; gr_end=\u00a0\u00bb#d2003a\u00a0\u00bb video_opacity=\u00a0\u00bb0.5&Prime; min_height=\u00a0\u00bb500&Prime; js_vertical_centered=\u00a0\u00bbtrue\u00a0\u00bb sidebar=\u00a0\u00bbsidebar-1&Prime;][vc_column][mk_fancy_title color=\u00a0\u00bb#ffffff\u00a0\u00bb size=\u00a0\u00bb60&Prime; font_weight=\u00a0\u00bb400&Prime; txt_transform=\u00a0\u00bbuppercase\u00a0\u00bb letter_spacing=\u00a0\u00bb2&Prime; margin_bottom=\u00a0\u00bb0&Prime; font_family=\u00a0\u00bbnone\u00a0\u00bb align=\u00a0\u00bbcenter\u00a0\u00bb]Contactez-nous[\/mk_fancy_title][mk_fancy_title color=\u00a0\u00bb#ffffff\u00a0\u00bb size=\u00a0\u00bb18&Prime; font_weight=\u00a0\u00bb300&Prime; txt_transform=\u00a0\u00bbcapitalize\u00a0\u00bb letter_spacing=\u00a0\u00bb10&Prime; font_family=\u00a0\u00bbnone\u00a0\u00bb align=\u00a0\u00bbcenter\u00a0\u00bb]Inspire The Colors[\/mk_fancy_title][\/vc_column][\/mk_page_section][vc_row fullwidth=\u00a0\u00bbtrue\u00a0\u00bb fullwidth_content=\u00a0\u00bbfalse\u00a0\u00bb][vc_column][mk_padding_divider size=\u00a0\u00bb50&Prime;][vc_row_inner][vc_column_inner][mk_fancy_title color=\u00a0\u00bb#000000&Prime; size=\u00a0\u00bb60&Prime; force_font_size=\u00a0\u00bbtrue\u00a0\u00bb size_phone=\u00a0\u00bb40&Prime; txt_transform=\u00a0\u00bbcapitalize\u00a0\u00bb font_family=\u00a0\u00bbnone\u00a0\u00bb align=\u00a0\u00bbcenter\u00a0\u00bb]Envoyez-nous un\u00a0e-mail[\/mk_fancy_title][vc_column_text][\/vc_column_text][\/vc_column_inner][\/vc_row_inner][mk_padding_divider size=\u00a0\u00bb50&Prime;][vc_row_inner][vc_column_inner width=\u00a0\u00bb1\/4&Prime;][mk_icon_box2 icon_size=\u00a0\u00bb48&Prime; icon=\u00a0\u00bbmk-li-mail\u00a0\u00bb icon_color=\u00a0\u00bb#ff213f\u00a0\u00bb icon_hover_color=\u00a0\u00bb#eeeeee\u00a0\u00bb title=\u00a0\u00bbEmail\u00a0\u00bb title_size=\u00a0\u00bb24&Prime; title_weight=\u00a0\u00bbbold\u00a0\u00bb title_color=\u00a0\u00bb#000000&Prime; description_color=\u00a0\u00bb#494949&Prime;]info@colortechnik.swiss[\/mk_icon_box2][\/vc_column_inner][vc_column_inner width=\u00a0\u00bb1\/4&Prime;][mk_icon_box2 icon_size=\u00a0\u00bb48&Prime; [&hellip;]<\/p>\n","protected":false},"author":20,"featured_media":0,"parent":0,"menu_order":0,"comment_status":"closed","ping_status":"closed","template":"","meta":{"footnotes":""},"class_list":["post-6094","page","type-page","status-publish","hentry"],"_links":{"self":[{"href":"https:\/\/www.colortechnik.swiss\/fr\/wp-json\/wp\/v2\/pages\/6094","targetHints":{"allow":["GET"]}}],"collection":[{"href":"https:\/\/www.colortechnik.swiss\/fr\/wp-json\/wp\/v2\/pages"}],"about":[{"href":"https:\/\/www.colortechnik.swiss\/fr\/wp-json\/wp\/v2\/types\/page"}],"author":[{"embeddable":true,"href":"https:\/\/www.colortechnik.swiss\/fr\/wp-json\/wp\/v2\/users\/20"}],"replies":[{"embeddable":true,"href":"https:\/\/www.colortechnik.swiss\/fr\/wp-json\/wp\/v2\/comments?post=6094"}],"version-history":[{"count":8,"href":"https:\/\/www.colortechnik.swiss\/fr\/wp-json\/wp\/v2\/pages\/6094\/revisions"}],"predecessor-version":[{"id":7543,"href":"https:\/\/www.colortechnik.swiss\/fr\/wp-json\/wp\/v2\/pages\/6094\/revisions\/7543"}],"wp:attachment":[{"href":"https:\/\/www.colortechnik.swiss\/fr\/wp-json\/wp\/v2\/media?parent=6094"}],"curies":[{"name":"wp","href":"https:\/\/api.w.org\/{rel}","templated":true}]}}